{"id":116,"date":"2018-05-25T09:16:32","date_gmt":"2018-05-25T09:16:32","guid":{"rendered":"https:\/\/www.sigilive.com\/?page_id=116"},"modified":"2018-05-25T09:16:32","modified_gmt":"2018-05-25T09:16:32","slug":"politica-de-privacidad","status":"publish","type":"page","link":"https:\/\/www.sigilive.com\/index.php\/politica-de-privacidad\/","title":{"rendered":"Pol\u00edtica de Privacidad"},"content":{"rendered":"<h1>Politica de Privacidad<\/h1>\n<p><strong>Responsable de Tratamiento: APPANDWEB INNOVA S.L.\u00a0\u00a0\u00a0\u00a0\u00a0\u00a0\u00a0\u00a0\u00a0\u00a0\u00a0\u00a0<\/strong><\/p>\n<p><strong>Nif\/Cif:<\/strong>\u00a0C.I.F.: B19572346<\/p>\n<p><strong>Direcci\u00f3n:<\/strong>\u00a0Calle Gracia n\u00ba12 primera planta<\/p>\n<p><strong>Email de Contacto:<\/strong>\u00a0<a href=\"mailto:contacto@appandweb.es\">contacto@appandweb.es<\/a>.<\/p>\n<p><strong>\u00a0<\/strong><\/p>\n<p><strong>PROTECCI\u00d3N DE DATOS:<\/strong><\/p>\n<p>&nbsp;<\/p>\n<p>App&amp;Web cumple con las directrices de la Ley Org\u00e1nica de Protecci\u00f3n de Datos de Car\u00e1cter Personal, as\u00ed como con el \u00a0Reglamento Europeo de Protecci\u00f3n de Datos y dem\u00e1s normativa vigente en cada momento, y garantiza la seguridad, el correcto uso y tratamiento de los datos personales del usuario.<\/p>\n<p>&nbsp;<\/p>\n<p>App&amp;Web, informa al usuario de que sus datos personales ser\u00e1n tratados con la \u00fanica finalidad de darle el mejor servicio posible, en las distintas web y aplicaciones ofrecidas por la empresa, dicho tratamiento de los datos personales que el propio usuario nos facilita, se basa en el consentimiento del mismo al ceder sus datos, y en la prestaci\u00f3n de los servicios que contrate con la empresa.<\/p>\n<p>&nbsp;<\/p>\n<p>Igualmente le informamos que si usted presta su consentimiento para ello, sus datos ser\u00e1n tratados con fines publicitarios, es decir para darle a conocer servicios, productos, noticias, eventos, e informaci\u00f3n en general, sobre nuestra empresa, que estimemos le puede interesar.<\/p>\n<p>&nbsp;<\/p>\n<p>Sus datos personales ser\u00e1n protegidos, tomando todas las medidas de seguridad que est\u00e9n en nuestras manos, asegurando su confidencialidad e invariabilidad, los mismos no ser\u00e1n cedidos a terceros, salvo en los casos que establezca la ley, o cuando sean requeridos por autoridades judiciales, o policiales.<\/p>\n<p>&nbsp;<\/p>\n<p>App&amp;Web guardar\u00e1 sus datos durante un periodo de dos a\u00f1os, en los casos en los que no haya existido una relaci\u00f3n contractual, es decir cuando sean datos solo para contacto, informaci\u00f3n o publicidad, y en los casos en los que exista una relaci\u00f3n contractual entre la empresa y el usuario, porque el mismo contrate alguno de los productos que esta ofrece, los datos se guardar\u00e1n mientras dure dicha relaci\u00f3n, y posteriormente el tiempo necesario para cumplir con las obligaciones legales.<\/p>\n<p>&nbsp;<\/p>\n<p>El Usuario tiene derecho a obtener informaci\u00f3n sobre el tratamiento que App&amp;Web da a sus datos, y por supuesto tiene derecho a ejercer sus derechos de acceso, rectificaci\u00f3n, cancelaci\u00f3n, oposici\u00f3n, olvido, exportaci\u00f3n para ello solo tendr\u00e1 que ponerse en contacto con nosotros en la direcci\u00f3n de mail:\u00a0<a href=\"mailto:contacto@appandweb.es\">contacto@appandweb.es<\/a>.<\/p>\n<p>El Usuario ser\u00e1 responsable de la veracidad de los datos que nos facilite.<\/p>\n","protected":false},"excerpt":{"rendered":"<p>Politica de Privacidad Responsable de Tratamiento: APPANDWEB INNOVA S.L.\u00a0\u00a0\u00a0\u00a0\u00a0\u00a0\u00a0\u00a0\u00a0\u00a0\u00a0\u00a0 Nif\/Cif:\u00a0C.I.F.: B19572346 Direcci\u00f3n:\u00a0Calle Gracia n\u00ba12 primera planta Email de Contacto:\u00a0contacto@appandweb.es. \u00a0 PROTECCI\u00d3N DE DATOS: &nbsp; App&amp;Web cumple con las directrices de la Ley Org\u00e1nica de Protecci\u00f3n de Datos de Car\u00e1cter Personal, as\u00ed como con el \u00a0Reglamento Europeo de Protecci\u00f3n de Datos y dem\u00e1s normativa vigente en [&hellip;]<\/p>\n","protected":false},"author":1,"featured_media":0,"parent":0,"menu_order":0,"comment_status":"closed","ping_status":"closed","template":"page-template-blank.php","meta":{"_et_pb_use_builder":"off","_et_pb_old_content":"","_et_gb_content_width":"","footnotes":""},"class_list":["post-116","page","type-page","status-publish","hentry"],"_links":{"self":[{"href":"https:\/\/www.sigilive.com\/index.php\/wp-json\/wp\/v2\/pages\/116","targetHints":{"allow":["GET"]}}],"collection":[{"href":"https:\/\/www.sigilive.com\/index.php\/wp-json\/wp\/v2\/pages"}],"about":[{"href":"https:\/\/www.sigilive.com\/index.php\/wp-json\/wp\/v2\/types\/page"}],"author":[{"embeddable":true,"href":"https:\/\/www.sigilive.com\/index.php\/wp-json\/wp\/v2\/users\/1"}],"replies":[{"embeddable":true,"href":"https:\/\/www.sigilive.com\/index.php\/wp-json\/wp\/v2\/comments?post=116"}],"version-history":[{"count":1,"href":"https:\/\/www.sigilive.com\/index.php\/wp-json\/wp\/v2\/pages\/116\/revisions"}],"predecessor-version":[{"id":117,"href":"https:\/\/www.sigilive.com\/index.php\/wp-json\/wp\/v2\/pages\/116\/revisions\/117"}],"wp:attachment":[{"href":"https:\/\/www.sigilive.com\/index.php\/wp-json\/wp\/v2\/media?parent=116"}],"curies":[{"name":"wp","href":"https:\/\/api.w.org\/{rel}","templated":true}]}}